{"id":105027,"date":"2024-04-17T15:13:47","date_gmt":"2024-04-17T19:13:47","guid":{"rendered":"https:\/\/lumu.io\/?page_id=105027"},"modified":"2024-04-17T15:20:42","modified_gmt":"2024-04-17T19:20:42","slug":"draft-trending-en","status":"publish","type":"page","link":"https:\/\/lumu.io\/es\/draft-trending-es\/","title":{"rendered":"Draft Trending ES"},"content":{"rendered":"\t\t<div data-elementor-type=\"wp-page\" data-elementor-id=\"105027\" class=\"elementor elementor-105027\" data-elementor-post-type=\"page\">\n\t\t\t\t\t\t<section class=\"elementor-section elementor-top-section elementor-element elementor-element-51f902f elementor-section-boxed elementor-section-height-default elementor-section-height-default\" data-id=\"51f902f\" data-element_type=\"section\" data-e-type=\"section\">\n\t\t\t\t\t\t<div class=\"elementor-container elementor-column-gap-default\">\n\t\t\t\t\t<div class=\"elementor-column elementor-col-100 elementor-top-column elementor-element elementor-element-f880018\" data-id=\"f880018\" data-element_type=\"column\" data-e-type=\"column\">\n\t\t\t<div class=\"elementor-widget-wrap elementor-element-populated\">\n\t\t\t\t\t\t<div class=\"elementor-element elementor-element-e165d53 elementor-widget elementor-widget-shortcode\" data-id=\"e165d53\" data-element_type=\"widget\" data-e-type=\"widget\" data-widget_type=\"shortcode.default\">\n\t\t\t\t<div class=\"elementor-widget-container\">\n\t\t\t\t\t<div id=\"trending_carousel_en\" class=\"carousel slide carousel-fade\" data-bs-ride=\"carousel\"><div class=\"carousel-indicators\"><button type=\"button\" data-bs-target=\"#trending_carousel_en\" data-bs-slide-to=\"0\" class=\"active\" aria-label=\"Slide 1\"><\/button><button type=\"button\" data-bs-target=\"#trending_carousel_en\" data-bs-slide-to=\"1\"  aria-label=\"Slide 2\"><\/button><button type=\"button\" data-bs-target=\"#trending_carousel_en\" data-bs-slide-to=\"2\"  aria-label=\"Slide 3\"><\/button><button type=\"button\" data-bs-target=\"#trending_carousel_en\" data-bs-slide-to=\"3\"  aria-label=\"Slide 4\"><\/button><button type=\"button\" data-bs-target=\"#trending_carousel_en\" data-bs-slide-to=\"4\"  aria-label=\"Slide 5\"><\/button><\/div><div class=\"carousel-inner\"><div class=\"carousel-item active tc_box_general\"><div class=\"row\"><div class=\"box_ttls col-md-5\"><small class=\"category_tc\">Training<\/small><h2 class=\"ttl_tc\">Capacitaci\u00f3n de productos | Lumu Discover<\/h2><div class=\"description_tc\">Esta capacitaci\u00f3n muestra c\u00f3mo Lumu Discover ayuda a los equipos de seguridad a mantenerse un paso por delante de las amenazas espec\u00edficas.<\/div><a class=\"link_tc\" href=\"https:\/\/lumu.io\/resources\/product-training-lumu-discover\/\">Vea el video \u21c1<\/a><\/div><div class=\"box_img_tc col-md-7\"><a href=\"https:\/\/lumu.io\/resources\/product-training-lumu-discover\/\"><img fetchpriority=\"high\" decoding=\"async\" width=\"1280\" height=\"720\" src=\"https:\/\/lumu.io\/wp-content\/uploads\/2025\/03\/uncover-external-threats-with-lumu-discover_training-1.jpg\" class=\"attachment-full size-full\" alt=\"\" srcset=\"https:\/\/lumu.io\/wp-content\/uploads\/2025\/03\/uncover-external-threats-with-lumu-discover_training-1.jpg 1280w, https:\/\/lumu.io\/wp-content\/uploads\/2025\/03\/uncover-external-threats-with-lumu-discover_training-1-300x169.jpg 300w, https:\/\/lumu.io\/wp-content\/uploads\/2025\/03\/uncover-external-threats-with-lumu-discover_training-1-1024x576.jpg 1024w, https:\/\/lumu.io\/wp-content\/uploads\/2025\/03\/uncover-external-threats-with-lumu-discover_training-1-768x432.jpg 768w\" sizes=\"(max-width: 1280px) 100vw, 1280px\" \/><\/a><\/div><\/div><\/div><div class=\"carousel-item  tc_box_general\"><div class=\"row\"><div class=\"box_ttls col-md-5\"><small class=\"category_tc\">Attacks<\/small><h2 class=\"ttl_tc\">El ransomware Akira y la laguna de seguridad del IoT<\/h2><div class=\"description_tc\">El reciente ataque del ransomware Akira explot\u00f3 una c\u00e1mara web vulnerable para evadir el EDR, lo que subraya la necesidad de una arquitectura de confianza cero y un monitoreo continuo de la red.<\/div><a class=\"link_tc\" href=\"https:\/\/lumu.io\/blog\/akira-ransomware-iot-security-gap\/\">Lea el blog \u21c1<\/a><\/div><div class=\"box_img_tc col-md-7\"><a href=\"https:\/\/lumu.io\/blog\/akira-ransomware-iot-security-gap\/\"><img decoding=\"async\" width=\"1280\" height=\"720\" src=\"https:\/\/lumu.io\/wp-content\/uploads\/2025\/03\/feature_lumu-Akira-Ransomware-IoT.jpg\" class=\"attachment-full size-full\" alt=\"Akira ransomware\" srcset=\"https:\/\/lumu.io\/wp-content\/uploads\/2025\/03\/feature_lumu-Akira-Ransomware-IoT.jpg 1280w, https:\/\/lumu.io\/wp-content\/uploads\/2025\/03\/feature_lumu-Akira-Ransomware-IoT-300x169.jpg 300w, https:\/\/lumu.io\/wp-content\/uploads\/2025\/03\/feature_lumu-Akira-Ransomware-IoT-1024x576.jpg 1024w, https:\/\/lumu.io\/wp-content\/uploads\/2025\/03\/feature_lumu-Akira-Ransomware-IoT-768x432.jpg 768w\" sizes=\"(max-width: 1280px) 100vw, 1280px\" \/><\/a><\/div><\/div><\/div><div class=\"carousel-item  tc_box_general\"><div class=\"row\"><div class=\"box_ttls col-md-5\"><small class=\"category_tc\">Technical<\/small><h2 class=\"ttl_tc\">Respuesta ante amenazas de la red del Cloud<\/h2><div class=\"description_tc\">La visibilidad en sus entornos h\u00edbridos y multi-nube es esencial para detectar y responder a las amenazas.<\/div><a class=\"link_tc\" href=\"https:\/\/lumu.io\/blog\/cloud-network-threat-visibility-response\/\">Lea el blog \u21c1<\/a><\/div><div class=\"box_img_tc col-md-7\"><a href=\"https:\/\/lumu.io\/blog\/cloud-network-threat-visibility-response\/\"><img decoding=\"async\" width=\"1280\" height=\"720\" src=\"https:\/\/lumu.io\/wp-content\/uploads\/2025\/03\/feature_lumu-cloud-visibility_blog.jpg\" class=\"attachment-full size-full\" alt=\"Cloud network threat visibility\" srcset=\"https:\/\/lumu.io\/wp-content\/uploads\/2025\/03\/feature_lumu-cloud-visibility_blog.jpg 1280w, https:\/\/lumu.io\/wp-content\/uploads\/2025\/03\/feature_lumu-cloud-visibility_blog-300x169.jpg 300w, https:\/\/lumu.io\/wp-content\/uploads\/2025\/03\/feature_lumu-cloud-visibility_blog-1024x576.jpg 1024w, https:\/\/lumu.io\/wp-content\/uploads\/2025\/03\/feature_lumu-cloud-visibility_blog-768x432.jpg 768w\" sizes=\"(max-width: 1280px) 100vw, 1280px\" \/><\/a><\/div><\/div><\/div><div class=\"carousel-item  tc_box_general\"><div class=\"row\"><div class=\"box_ttls col-md-5\"><small class=\"category_tc\">Recursos<\/small><h2 class=\"ttl_tc\">Evasi\u00f3n de EDR en acci\u00f3n: C\u00f3mo evadir Microsoft Defender<\/h2><div class=\"description_tc\">Nuestro equipo evade Microsoft Defender en cuesti\u00f3n de minutos, demostrando las vulnerabilidades presentes en todas las soluciones EDR.<\/div><a class=\"link_tc\" href=\"https:\/\/lumu.io\/resources\/edr-evasion-in-action-evading-microsoft-defender\">Vea el video \u21c1<\/a><\/div><div class=\"box_img_tc col-md-7\"><a href=\"https:\/\/lumu.io\/resources\/edr-evasion-in-action-evading-microsoft-defender\"><img loading=\"lazy\" decoding=\"async\" width=\"1280\" height=\"720\" src=\"https:\/\/lumu.io\/wp-content\/uploads\/2025\/02\/lumu-dns-tunneling-attack-simulation-feature.jpg\" class=\"attachment-full size-full\" alt=\"\" srcset=\"https:\/\/lumu.io\/wp-content\/uploads\/2025\/02\/lumu-dns-tunneling-attack-simulation-feature.jpg 1280w, https:\/\/lumu.io\/wp-content\/uploads\/2025\/02\/lumu-dns-tunneling-attack-simulation-feature-300x169.jpg 300w, https:\/\/lumu.io\/wp-content\/uploads\/2025\/02\/lumu-dns-tunneling-attack-simulation-feature-1024x576.jpg 1024w, https:\/\/lumu.io\/wp-content\/uploads\/2025\/02\/lumu-dns-tunneling-attack-simulation-feature-768x432.jpg 768w\" sizes=\"(max-width: 1280px) 100vw, 1280px\" \/><\/a><\/div><\/div><\/div><div class=\"carousel-item  tc_box_general\"><div class=\"row\"><div class=\"box_ttls col-md-5\"><small class=\"category_tc\"><\/small><h2 class=\"ttl_tc\">Network Detection and Response (NDR): Lumu Recognized as a Leader by GigaOm Radar Report<\/h2><div class=\"description_tc\"><\/div><a class=\"link_tc\" href=\"\"><\/a><\/div><div class=\"box_img_tc col-md-7\"><a href=\"\"><img loading=\"lazy\" decoding=\"async\" width=\"1280\" height=\"720\" src=\"https:\/\/lumu.io\/wp-content\/uploads\/2025\/06\/lumu-gigaom-report-2025_feature.jpg\" class=\"attachment-full size-full\" alt=\"\" srcset=\"https:\/\/lumu.io\/wp-content\/uploads\/2025\/06\/lumu-gigaom-report-2025_feature.jpg 1280w, https:\/\/lumu.io\/wp-content\/uploads\/2025\/06\/lumu-gigaom-report-2025_feature-300x169.jpg 300w, https:\/\/lumu.io\/wp-content\/uploads\/2025\/06\/lumu-gigaom-report-2025_feature-1024x576.jpg 1024w, https:\/\/lumu.io\/wp-content\/uploads\/2025\/06\/lumu-gigaom-report-2025_feature-768x432.jpg 768w\" sizes=\"(max-width: 1280px) 100vw, 1280px\" \/><\/a><\/div><\/div><\/div><\/div><\/div>\t\t<div class=\"elementor-shortcode\"><\/div>\n\t\t\t\t\t\t<\/div>\n\t\t\t\t<\/div>\n\t\t\t\t\t<\/div>\n\t\t<\/div>\n\t\t\t\t\t<\/div>\n\t\t<\/section>\n\t\t\t\t<\/div>\n\t\t","protected":false},"excerpt":{"rendered":"","protected":false},"author":22,"featured_media":0,"parent":0,"menu_order":0,"comment_status":"closed","ping_status":"closed","template":"elementor_header_footer","meta":{"footnotes":"","_links_to":"","_links_to_target":""},"class_list":["post-105027","page","type-page","status-publish","hentry"],"yoast_head":"<!-- This site is optimized with the Yoast SEO plugin v27.2 - https:\/\/yoast.com\/product\/yoast-seo-wordpress\/ -->\n<title>Draft Trending ES - Lumu Technologies<\/title>\n<meta name=\"robots\" content=\"index, follow, max-snippet:-1, max-image-preview:large, max-video-preview:-1\" \/>\n<link rel=\"canonical\" href=\"https:\/\/lumu.io\/es\/draft-trending-es\/\" \/>\n<meta property=\"og:locale\" content=\"es_ES\" \/>\n<meta property=\"og:type\" content=\"article\" \/>\n<meta property=\"og:title\" content=\"Draft Trending ES - Lumu Technologies\" \/>\n<meta property=\"og:url\" content=\"https:\/\/lumu.io\/es\/draft-trending-es\/\" \/>\n<meta property=\"og:site_name\" content=\"Lumu Technologies\" \/>\n<meta property=\"article:publisher\" content=\"https:\/\/www.facebook.com\/lumutech\" \/>\n<meta property=\"article:modified_time\" content=\"2024-04-17T19:20:42+00:00\" \/>\n<meta property=\"og:image\" content=\"https:\/\/lumu.io\/wp-content\/uploads\/2020\/02\/lumu-home.jpg\" \/>\n\t<meta property=\"og:image:width\" content=\"1200\" \/>\n\t<meta property=\"og:image:height\" content=\"630\" \/>\n\t<meta property=\"og:image:type\" content=\"image\/jpeg\" \/>\n<meta name=\"twitter:card\" content=\"summary_large_image\" \/>\n<meta name=\"twitter:site\" content=\"@lumutech\" \/>\n<!-- \/ Yoast SEO plugin. -->","yoast_head_json":{"title":"Draft Trending ES - Lumu Technologies","robots":{"index":"index","follow":"follow","max-snippet":"max-snippet:-1","max-image-preview":"max-image-preview:large","max-video-preview":"max-video-preview:-1"},"canonical":"https:\/\/lumu.io\/es\/draft-trending-es\/","og_locale":"es_ES","og_type":"article","og_title":"Draft Trending ES - Lumu Technologies","og_url":"https:\/\/lumu.io\/es\/draft-trending-es\/","og_site_name":"Lumu Technologies","article_publisher":"https:\/\/www.facebook.com\/lumutech","article_modified_time":"2024-04-17T19:20:42+00:00","og_image":[{"width":1200,"height":630,"url":"https:\/\/lumu.io\/wp-content\/uploads\/2020\/02\/lumu-home.jpg","type":"image\/jpeg"}],"twitter_card":"summary_large_image","twitter_site":"@lumutech","schema":{"@context":"https:\/\/schema.org","@graph":[{"@type":"WebPage","@id":"https:\/\/lumu.io\/es\/draft-trending-es\/","url":"https:\/\/lumu.io\/es\/draft-trending-es\/","name":"Draft Trending ES - Lumu Technologies","isPartOf":{"@id":"https:\/\/lumu.io\/es\/#website"},"datePublished":"2024-04-17T19:13:47+00:00","dateModified":"2024-04-17T19:20:42+00:00","breadcrumb":{"@id":"https:\/\/lumu.io\/es\/draft-trending-es\/#breadcrumb"},"inLanguage":"es","potentialAction":[{"@type":"ReadAction","target":["https:\/\/lumu.io\/es\/draft-trending-es\/"]}]},{"@type":"BreadcrumbList","@id":"https:\/\/lumu.io\/es\/draft-trending-es\/#breadcrumb","itemListElement":[{"@type":"ListItem","position":1,"name":"Home","item":"https:\/\/lumu.io\/es\/"},{"@type":"ListItem","position":2,"name":"Draft Trending ES"}]},{"@type":"WebSite","@id":"https:\/\/lumu.io\/es\/#website","url":"https:\/\/lumu.io\/es\/","name":"Lumu Technologies","description":"Illuminating threats and adversaries","publisher":{"@id":"https:\/\/lumu.io\/es\/#organization"},"potentialAction":[{"@type":"SearchAction","target":{"@type":"EntryPoint","urlTemplate":"https:\/\/lumu.io\/es\/?s={search_term_string}"},"query-input":{"@type":"PropertyValueSpecification","valueRequired":true,"valueName":"search_term_string"}}],"inLanguage":"es"},{"@type":"Organization","@id":"https:\/\/lumu.io\/es\/#organization","name":"Lumu Technologies","url":"https:\/\/lumu.io\/es\/","logo":{"@type":"ImageObject","inLanguage":"es","@id":"https:\/\/lumu.io\/es\/#\/schema\/logo\/image\/","url":"https:\/\/lumu.io\/wp-content\/uploads\/2019\/01\/logo_lumu.png","contentUrl":"https:\/\/lumu.io\/wp-content\/uploads\/2019\/01\/logo_lumu.png","width":632,"height":237,"caption":"Lumu Technologies"},"image":{"@id":"https:\/\/lumu.io\/es\/#\/schema\/logo\/image\/"},"sameAs":["https:\/\/www.facebook.com\/lumutech","https:\/\/x.com\/lumutech","https:\/\/www.instagram.com\/lumutech\/","https:\/\/www.linkedin.com\/company\/lumutech","https:\/\/www.youtube.com\/c\/lumutechnologies"]}]}},"_links":{"self":[{"href":"https:\/\/lumu.io\/es\/wp-json\/wp\/v2\/pages\/105027","targetHints":{"allow":["GET"]}}],"collection":[{"href":"https:\/\/lumu.io\/es\/wp-json\/wp\/v2\/pages"}],"about":[{"href":"https:\/\/lumu.io\/es\/wp-json\/wp\/v2\/types\/page"}],"author":[{"embeddable":true,"href":"https:\/\/lumu.io\/es\/wp-json\/wp\/v2\/users\/22"}],"replies":[{"embeddable":true,"href":"https:\/\/lumu.io\/es\/wp-json\/wp\/v2\/comments?post=105027"}],"version-history":[{"count":5,"href":"https:\/\/lumu.io\/es\/wp-json\/wp\/v2\/pages\/105027\/revisions"}],"predecessor-version":[{"id":105037,"href":"https:\/\/lumu.io\/es\/wp-json\/wp\/v2\/pages\/105027\/revisions\/105037"}],"wp:attachment":[{"href":"https:\/\/lumu.io\/es\/wp-json\/wp\/v2\/media?parent=105027"}],"curies":[{"name":"wp","href":"https:\/\/api.w.org\/{rel}","templated":true}]}}